{"id":110,"date":"2024-07-18T23:37:06","date_gmt":"2024-07-19T02:37:06","guid":{"rendered":"https:\/\/www.gruporm.online\/rm-remote\/?page_id=110"},"modified":"2024-07-19T16:40:56","modified_gmt":"2024-07-19T19:40:56","slug":"sobre","status":"publish","type":"page","link":"https:\/\/www.gruporm.online\/rm-remote\/sobre\/","title":{"rendered":"Sobre"},"content":{"rendered":"<div class=\"quem-somos\">\n<div class=\"container\">\n<div class=\"row\">\n<div class=\"col-xl-6 col-lg-6 col-md-6 col-sm-12 col-12\">\n<div class=\"box-quem-somos\">\n<h2>Quem somos<\/h2>\n<div class=\"risco-vermelho-right\"><\/div>\n<p>O Grupo RM \u00e9 uma empresa sediada na cidade de Suzano, Regi\u00e3o Metropolitana de S\u00e3o Paulo. H\u00e1 mais de 20 anos, ganhamos reconhecimento por nossa atua\u00e7\u00e3o no ramo de administra\u00e7\u00e3o e gest\u00e3o para condom\u00ednios e empresas gra\u00e7as a solu\u00e7\u00f5es eficazes, simplificadas e transparentes.<\/p>\n<p>&nbsp;<\/p>\n<p>Por meio de nossa experi\u00eancia, analisamos o perfil de cada um de nossos clientes para identificar necessidades e tra\u00e7amos a estrat\u00e9gia mais efetiva para cada caso. Para isso, investimos no que h\u00e1 de mais moderno no mercado para oferecer em nossos servi\u00e7os equipamentos e materiais de ponta, garantindo que a sua empresa ou condom\u00ednio tenha assertividade no seu funcionamento e seguran\u00e7a.<\/p>\n<p>&nbsp;<\/p>\n<p>&nbsp;<\/p>\n<p>Al\u00e9m disso, o Grupo RM \u00e9 formado por um conjunto de profissionais de diversas \u00e1reas de atua\u00e7\u00e3o como Direito, Contabilidade e Administra\u00e7\u00e3o, que asseguram que a sua experi\u00eancia com nossas solu\u00e7\u00f5es seja completa e tranquila.<\/p>\n<p>&nbsp;<\/p>\n<\/div>\n<\/div>\n<div class=\"col-xl-6 col-lg-6 col-md-6 col-sm-12 col-12\"><img fetchpriority=\"high\" decoding=\"async\" class=\"img-fluid wp-post-image\" src=\"https:\/\/www.gruporm.online\/wp-content\/uploads\/2021\/02\/imagem_grupo-rm.png\" sizes=\"(max-width: 526px) 100vw, 526px\" srcset=\"https:\/\/www.gruporm.online\/wp-content\/uploads\/2021\/02\/imagem_grupo-rm.png 526w, https:\/\/www.gruporm.online\/wp-content\/uploads\/2021\/02\/imagem_grupo-rm-300x268.png 300w\" alt=\"\" width=\"526\" height=\"470\" \/><\/div>\n<\/div>\n<\/div>\n<\/div>\n<div class=\"fundador\">\n<div class=\"container\">\n<div class=\"row\">\n<div class=\"col-xl-3 col-lg-3 col-md-3 col-sm-12 col-12\"><img decoding=\"async\" class=\"img-fluid lazyloaded\" src=\"https:\/\/www.gruporm.online\/wp-content\/uploads\/2021\/02\/imagem_fundador.png\" alt=\"\" data-src=\"https:\/\/www.gruporm.online\/wp-content\/uploads\/2021\/02\/imagem_fundador.png\" \/><\/div>\n<div class=\"col-xl-9 col-lg-9 col-md-9 col-sm-12 col-12\">\n<h2>Fundador do Grupo RM<\/h2>\n<div class=\"risco-vermelho-left\"><\/div>\n<p>O Grupo RM tem como fundador e diretor o Sr. Rog\u00e9rio Ramos. O projeto de desenvolvimento da empresa foi sendo constru\u00eddo por ele e sua equipe ao longo dos anos em mercado, sempre com muita dedica\u00e7\u00e3o. Todo esfor\u00e7o resultou na expans\u00e3o da sede de atendimento, quantidade de servi\u00e7os ofertados e implanta\u00e7\u00e3o de diferentes tecnologias. Tendo hoje forma\u00e7\u00e3o em direito, cursos de especializa\u00e7\u00e3o em administra\u00e7\u00e3o condominial e contabilidade, o diretor do Grupo RM segue inspirando atrav\u00e9s da sua forma de gest\u00e3o e lideran\u00e7a.<\/p>\n<\/div>\n<\/div>\n<\/div>\n<\/div>\n","protected":false},"excerpt":{"rendered":"<p>Quem somos O Grupo RM \u00e9 uma empresa sediada na cidade de Suzano, Regi\u00e3o Metropolitana de S\u00e3o Paulo. H\u00e1 mais de 20 anos, ganhamos reconhecimento por nossa atua\u00e7\u00e3o no ramo de administra\u00e7\u00e3o e gest\u00e3o para condom\u00ednios e empresas gra\u00e7as a solu\u00e7\u00f5es eficazes, simplificadas e transparentes. &nbsp; Por meio de nossa experi\u00eancia, analisamos o perfil de [&hellip;]<\/p>\n","protected":false},"author":1,"featured_media":0,"parent":0,"menu_order":0,"comment_status":"closed","ping_status":"closed","template":"","meta":{"_acf_changed":false,"footnotes":""},"class_list":["post-110","page","type-page","status-publish","hentry"],"acf":[],"yoast_head":"<!-- This site is optimized with the Yoast SEO plugin v23.0 - https:\/\/yoast.com\/wordpress\/plugins\/seo\/ -->\n<title>Sobre -<\/title>\n<meta name=\"robots\" content=\"index, follow, max-snippet:-1, max-image-preview:large, max-video-preview:-1\" \/>\n<link rel=\"canonical\" href=\"https:\/\/www.gruporm.online\/rm-remote\/sobre\/\" \/>\n<meta property=\"og:locale\" content=\"pt_BR\" \/>\n<meta property=\"og:type\" content=\"article\" \/>\n<meta property=\"og:title\" content=\"Sobre -\" \/>\n<meta property=\"og:description\" content=\"Quem somos O Grupo RM \u00e9 uma empresa sediada na cidade de Suzano, Regi\u00e3o Metropolitana de S\u00e3o Paulo. H\u00e1 mais de 20 anos, ganhamos reconhecimento por nossa atua\u00e7\u00e3o no ramo de administra\u00e7\u00e3o e gest\u00e3o para condom\u00ednios e empresas gra\u00e7as a solu\u00e7\u00f5es eficazes, simplificadas e transparentes. &nbsp; Por meio de nossa experi\u00eancia, analisamos o perfil de [&hellip;]\" \/>\n<meta property=\"og:url\" content=\"https:\/\/www.gruporm.online\/rm-remote\/sobre\/\" \/>\n<meta property=\"article:modified_time\" content=\"2024-07-19T19:40:56+00:00\" \/>\n<meta property=\"og:image\" content=\"https:\/\/www.gruporm.online\/wp-content\/uploads\/2021\/02\/imagem_grupo-rm.png\" \/>\n<meta name=\"twitter:card\" content=\"summary_large_image\" \/>\n<meta name=\"twitter:label1\" content=\"Est. tempo de leitura\" \/>\n\t<meta name=\"twitter:data1\" content=\"1 minuto\" \/>\n<script type=\"application\/ld+json\" class=\"yoast-schema-graph\">{\"@context\":\"https:\/\/schema.org\",\"@graph\":[{\"@type\":\"WebPage\",\"@id\":\"https:\/\/www.gruporm.online\/rm-remote\/sobre\/\",\"url\":\"https:\/\/www.gruporm.online\/rm-remote\/sobre\/\",\"name\":\"Sobre -\",\"isPartOf\":{\"@id\":\"https:\/\/www.gruporm.online\/rm-remote\/#website\"},\"primaryImageOfPage\":{\"@id\":\"https:\/\/www.gruporm.online\/rm-remote\/sobre\/#primaryimage\"},\"image\":{\"@id\":\"https:\/\/www.gruporm.online\/rm-remote\/sobre\/#primaryimage\"},\"thumbnailUrl\":\"https:\/\/www.gruporm.online\/wp-content\/uploads\/2021\/02\/imagem_grupo-rm.png\",\"datePublished\":\"2024-07-19T02:37:06+00:00\",\"dateModified\":\"2024-07-19T19:40:56+00:00\",\"breadcrumb\":{\"@id\":\"https:\/\/www.gruporm.online\/rm-remote\/sobre\/#breadcrumb\"},\"inLanguage\":\"pt-BR\",\"potentialAction\":[{\"@type\":\"ReadAction\",\"target\":[\"https:\/\/www.gruporm.online\/rm-remote\/sobre\/\"]}]},{\"@type\":\"ImageObject\",\"inLanguage\":\"pt-BR\",\"@id\":\"https:\/\/www.gruporm.online\/rm-remote\/sobre\/#primaryimage\",\"url\":\"https:\/\/www.gruporm.online\/wp-content\/uploads\/2021\/02\/imagem_grupo-rm.png\",\"contentUrl\":\"https:\/\/www.gruporm.online\/wp-content\/uploads\/2021\/02\/imagem_grupo-rm.png\"},{\"@type\":\"BreadcrumbList\",\"@id\":\"https:\/\/www.gruporm.online\/rm-remote\/sobre\/#breadcrumb\",\"itemListElement\":[{\"@type\":\"ListItem\",\"position\":1,\"name\":\"In\u00edcio\",\"item\":\"https:\/\/www.gruporm.online\/rm-remote\/\"},{\"@type\":\"ListItem\",\"position\":2,\"name\":\"Sobre\"}]},{\"@type\":\"WebSite\",\"@id\":\"https:\/\/www.gruporm.online\/rm-remote\/#website\",\"url\":\"https:\/\/www.gruporm.online\/rm-remote\/\",\"name\":\"\",\"description\":\"\",\"potentialAction\":[{\"@type\":\"SearchAction\",\"target\":{\"@type\":\"EntryPoint\",\"urlTemplate\":\"https:\/\/www.gruporm.online\/rm-remote\/?s={search_term_string}\"},\"query-input\":\"required name=search_term_string\"}],\"inLanguage\":\"pt-BR\"}]}<\/script>\n<!-- \/ Yoast SEO plugin. -->","yoast_head_json":{"title":"Sobre -","robots":{"index":"index","follow":"follow","max-snippet":"max-snippet:-1","max-image-preview":"max-image-preview:large","max-video-preview":"max-video-preview:-1"},"canonical":"https:\/\/www.gruporm.online\/rm-remote\/sobre\/","og_locale":"pt_BR","og_type":"article","og_title":"Sobre -","og_description":"Quem somos O Grupo RM \u00e9 uma empresa sediada na cidade de Suzano, Regi\u00e3o Metropolitana de S\u00e3o Paulo. H\u00e1 mais de 20 anos, ganhamos reconhecimento por nossa atua\u00e7\u00e3o no ramo de administra\u00e7\u00e3o e gest\u00e3o para condom\u00ednios e empresas gra\u00e7as a solu\u00e7\u00f5es eficazes, simplificadas e transparentes. &nbsp; Por meio de nossa experi\u00eancia, analisamos o perfil de [&hellip;]","og_url":"https:\/\/www.gruporm.online\/rm-remote\/sobre\/","article_modified_time":"2024-07-19T19:40:56+00:00","og_image":[{"url":"https:\/\/www.gruporm.online\/wp-content\/uploads\/2021\/02\/imagem_grupo-rm.png"}],"twitter_card":"summary_large_image","twitter_misc":{"Est. tempo de leitura":"1 minuto"},"schema":{"@context":"https:\/\/schema.org","@graph":[{"@type":"WebPage","@id":"https:\/\/www.gruporm.online\/rm-remote\/sobre\/","url":"https:\/\/www.gruporm.online\/rm-remote\/sobre\/","name":"Sobre -","isPartOf":{"@id":"https:\/\/www.gruporm.online\/rm-remote\/#website"},"primaryImageOfPage":{"@id":"https:\/\/www.gruporm.online\/rm-remote\/sobre\/#primaryimage"},"image":{"@id":"https:\/\/www.gruporm.online\/rm-remote\/sobre\/#primaryimage"},"thumbnailUrl":"https:\/\/www.gruporm.online\/wp-content\/uploads\/2021\/02\/imagem_grupo-rm.png","datePublished":"2024-07-19T02:37:06+00:00","dateModified":"2024-07-19T19:40:56+00:00","breadcrumb":{"@id":"https:\/\/www.gruporm.online\/rm-remote\/sobre\/#breadcrumb"},"inLanguage":"pt-BR","potentialAction":[{"@type":"ReadAction","target":["https:\/\/www.gruporm.online\/rm-remote\/sobre\/"]}]},{"@type":"ImageObject","inLanguage":"pt-BR","@id":"https:\/\/www.gruporm.online\/rm-remote\/sobre\/#primaryimage","url":"https:\/\/www.gruporm.online\/wp-content\/uploads\/2021\/02\/imagem_grupo-rm.png","contentUrl":"https:\/\/www.gruporm.online\/wp-content\/uploads\/2021\/02\/imagem_grupo-rm.png"},{"@type":"BreadcrumbList","@id":"https:\/\/www.gruporm.online\/rm-remote\/sobre\/#breadcrumb","itemListElement":[{"@type":"ListItem","position":1,"name":"In\u00edcio","item":"https:\/\/www.gruporm.online\/rm-remote\/"},{"@type":"ListItem","position":2,"name":"Sobre"}]},{"@type":"WebSite","@id":"https:\/\/www.gruporm.online\/rm-remote\/#website","url":"https:\/\/www.gruporm.online\/rm-remote\/","name":"","description":"","potentialAction":[{"@type":"SearchAction","target":{"@type":"EntryPoint","urlTemplate":"https:\/\/www.gruporm.online\/rm-remote\/?s={search_term_string}"},"query-input":"required name=search_term_string"}],"inLanguage":"pt-BR"}]}},"_links":{"self":[{"href":"https:\/\/www.gruporm.online\/rm-remote\/wp-json\/wp\/v2\/pages\/110","targetHints":{"allow":["GET"]}}],"collection":[{"href":"https:\/\/www.gruporm.online\/rm-remote\/wp-json\/wp\/v2\/pages"}],"about":[{"href":"https:\/\/www.gruporm.online\/rm-remote\/wp-json\/wp\/v2\/types\/page"}],"author":[{"embeddable":true,"href":"https:\/\/www.gruporm.online\/rm-remote\/wp-json\/wp\/v2\/users\/1"}],"replies":[{"embeddable":true,"href":"https:\/\/www.gruporm.online\/rm-remote\/wp-json\/wp\/v2\/comments?post=110"}],"version-history":[{"count":3,"href":"https:\/\/www.gruporm.online\/rm-remote\/wp-json\/wp\/v2\/pages\/110\/revisions"}],"predecessor-version":[{"id":211,"href":"https:\/\/www.gruporm.online\/rm-remote\/wp-json\/wp\/v2\/pages\/110\/revisions\/211"}],"wp:attachment":[{"href":"https:\/\/www.gruporm.online\/rm-remote\/wp-json\/wp\/v2\/media?parent=110"}],"curies":[{"name":"wp","href":"https:\/\/api.w.org\/{rel}","templated":true}]}}